{"id":209,"date":"2017-04-08T16:17:05","date_gmt":"2017-04-08T15:17:05","guid":{"rendered":"http:\/\/www.phemsa.es\/?page_id=209"},"modified":"2021-02-18T09:43:57","modified_gmt":"2021-02-18T08:43:57","slug":"aviso-legal","status":"publish","type":"page","link":"http:\/\/www.phemsa.es\/?page_id=209","title":{"rendered":"Aviso Legal"},"content":{"rendered":"<p>En cumplimiento de la Ley 34\/2002 de Servicios de la Sociedad de la Informaci\u00f3n y de Comercio Electr\u00f3nico de Espa\u00f1a, le informamos que esta p\u00e1gina Web es propiedad de PHEMSA S.L., con domicilio c\/ sierra de guadarrama 36, 28830 san fernando de henares (madrid), con C.I.F. B84584051 e inscrita en el Registro Mercantil de Madrid con los siguientes datos: Inscrita en el R.M. de Madrid Tomo 22262, F. 146, Sec. 8, Hoja M-397433. Para cualquier consulta, nos puede contactar por e-mail: phemsa@yahoo.es, o en el tel\u00e9fono (+34) 91 304 46 41.<\/p>\n<p>El sitio web PHEMSA, en adelante el PORTAL, se rige por la normativa exclusivamente aplicable en Espa\u00f1a, quedando sometida a ella, tanto nacionales como extranjeros que utilicen este web.<\/p>\n<h2>Pol\u00edtica de Privacidad<\/h2>\n<p>La confidencialidad, el secreto profesional y la seguridad son valores primordiales de PHEMSA S.L., que asume el compromiso de garantizar la privacidad del usuario o visitante en todo momento, y en todas las interacciones con aquel. PHEMSA S.L.\u00a0asume tambi\u00e9n el compromiso de no recabar informaci\u00f3n innecesaria sobre el usuario.<\/p>\n<h3>Protecci\u00f3n de datos personales<\/h3>\n<p>De conformidad con la Ley Org\u00e1nica 15\/1999 de Protecci\u00f3n de Datos de Car\u00e1cter Personal (LOPD), y Real Decreto 1720\/2007 de desarrollo de la LOPD, le informamos que el env\u00edo referido de los datos personales constituye el consentimiento expreso al tratamiento de los mismos, si bien de car\u00e1cter revocable y sin efectos retroactivos.<\/p>\n<p>Asimismo le informamos que todos nuestros ficheros se encuentran legalmente inscritos en el Registro General de Datos Personales de la Agencia Espa\u00f1ola de Protecci\u00f3n de Datos, as\u00ed como que para salvaguardar la seguridad de sus datos personales se aplicar\u00e1n las medidas de seguridad t\u00e9cnicas y organizativas exigidas en el Real Decreto 1720\/2007 que regula el reglamento de medidas de seguridad de los ficheros que contengan datos de car\u00e1cter personal.<\/p>\n<h3>Uso de sus datos personales<\/h3>\n<p>Los datos que le solicitamos son los adecuados, pertinentes y estrictamente necesarios para la finalidad por la que se recogen, y en ning\u00fan caso est\u00e1 obligado a facilit\u00e1rnoslos. Asimismo, nos certifica que todos los datos que nos facilita son ciertos, veraces y pertinentes para la finalidad por la que se los solicitamos.<\/p>\n<p>El PORTAL recoge sus datos personales mediante la recepci\u00f3n de diversos formularios donde puede solicitarnos cualquier tipo de informaci\u00f3n, aclaraci\u00f3n o duda. El env\u00edo de los mismos implica su autorizaci\u00f3n a incorporarlos a nuestros ficheros correspondientes, si PHEMSA S.L.\u00a0lo considera conveniente, y \u00e9stos estar\u00e1n regulados por las presentes pol\u00edticas de privacidad. Sus datos ser\u00e1n incorporados a nuestros ficheros de tratamiento de datos.<\/p>\n<h3>Derechos de acceso, rectificaci\u00f3n, cancelaci\u00f3n de sus datos personales<\/h3>\n<p>En cualquier momento puede oponerse a nuestros env\u00edos comerciales, as\u00ed como ejercer sus derechos de acceso, rectificaci\u00f3n y cancelaci\u00f3n en los t\u00e9rminos establecidos legalmente, pudiendo hacerlo en la direcci\u00f3n y con los datos indicados en el inicio del presente Aviso Legal, aport\u00e1ndonos copia de su DNI.<\/p>\n<h3>Comunicaciones de datos<\/h3>\n<p>PHEMSA S.L. le informa que sus datos son tratados confidencialmente y son utilizados exclusivamente de manera interna y para las finalidades indicadas. Por lo tanto, no cedemos ni comunicamos a ning\u00fan tercero sus datos, excepto en los casos legalmente previstos, o que el usuario nos lo autorice expresamente.<\/p>\n<h3>Seguridad de sus datos personales<\/h3>\n<p>Con el objetivo de salvaguardar la seguridad de sus datos personales, le informamos que PHEMSA S.L.\u00a0ha adoptado todas las medidas de \u00edndole t\u00e9cnica y organizativa necesarias para garantizar la seguridad de los datos personales suministrados de su alteraci\u00f3n, p\u00e9rdida, y tratamientos o accesos no autorizados, tal como exige el Real Decreto 1720\/2007 que regula el reglamento de medidas de seguridad de los ficheros que contengan datos de car\u00e1cter personal.<\/p>\n<h3>Actualizaci\u00f3n de sus datos<\/h3>\n<p>Es importante que para que podamos mantener sus datos personales actualizados, nos informe siempre que haya habido alguna modificaci\u00f3n en ellos. En caso contrario, no respondemos de la veracidad de los mismos. Consideramos que si no cancela sus datos personales expresamente de nuestros ficheros, contin\u00faa interesado en seguir incorporado a los mismos hasta que PHEMSA S.L.\u00a0lo considere oportuno y mientras sea adecuado a la finalidad por la que se obtuvieron.<\/p>\n<p>PHEMSA S.L., no se hace responsable de la pol\u00edtica de privacidad respecto a los datos personales que pueda facilitar a terceros por medio de los enlaces disponibles en el PORTAL.<\/p>\n<p>PHEMSA S.L. puede alterar la presente pol\u00edtica de privacidad para adaptarla a las modificaciones que se produzcan en el PORTAL, as\u00ed como por los cambios legislativos sobre datos personales que vayan apareciendo y afecten a dicha pol\u00edtica. Por lo que exige su lectura, cada vez que nos facilite sus datos a trav\u00e9s del PORTAL.<\/p>\n<div id=\"_mcePaste\" class=\"mcePaste\" style=\"position: absolute; left: -10000px; top: 0px; width: 1px; height: 1px; overflow: hidden;\"><!-- \t\t@page { margin: 2cm } \t\tp { margin-bottom: 0.21cm; direction: ltr; color: #000000; line-height: 115%; orphans: 2; widows: 2 } \t\tp.western { font-family: \"Calibri\", sans-serif; font-size: 11pt; so-language: es-ES } \t\tp.cjk { font-family: \"Times New Roman\", serif; font-size: 11pt } \t\tp.ctl { font-family: \"Times New Roman\", serif; font-size: 11pt; so-language: ar-SA } \t\ta:visited { color: #800080 } \t\ta.western:visited { so-language: es-ES } \t\ta.cjk:visited { so-language: zh-CN } \t\ta.ctl:visited { font-family: \"Times New Roman\", serif; so-language: hi-IN } \t\ta:link { color: #0000ff } \t\ta.ctl:link { font-family: \"Times New Roman\", serif } \t -->&nbsp;<\/p>\n<ol>\n<li>\n<p style=\"margin-bottom: 0.35cm; line-height: 100%;\" lang=\"es-ES\"><a name=\"tema17\"><\/a> <span style=\"color: #595959;\"><span style=\"font-family: &quot;Trebuchet MS&quot;, &quot;Trebuchet MS&quot;, sans-serif;\"><span style=\"font-size: 12pt;\"><strong>AVISO \tLEGAL INFORMATIVO SOBRE LA POLITICA DE PRIVACIDAD EN WEB<\/strong><\/span><\/span><\/span><\/p>\n<\/li>\n<\/ol>\n<\/div>\n","protected":false},"excerpt":{"rendered":"<p>En cumplimiento de la Ley 34\/2002 de Servicios de la Sociedad de la Informaci\u00f3n y de Comercio Electr\u00f3nico de Espa\u00f1a, le informamos que esta p\u00e1gina Web es propiedad de PHEMSA S.L., con domicilio c\/ sierra de guadarrama 36, 28830 san fernando de henares (madrid), con C.I.F. B84584051 e inscrita en el Registro Mercantil de Madrid [&hellip;]<\/p>\n","protected":false},"author":1,"featured_media":0,"parent":0,"menu_order":0,"comment_status":"closed","ping_status":"closed","template":"","meta":{"footnotes":""},"class_list":["post-209","page","type-page","status-publish","hentry"],"_links":{"self":[{"href":"http:\/\/www.phemsa.es\/index.php?rest_route=\/wp\/v2\/pages\/209","targetHints":{"allow":["GET"]}}],"collection":[{"href":"http:\/\/www.phemsa.es\/index.php?rest_route=\/wp\/v2\/pages"}],"about":[{"href":"http:\/\/www.phemsa.es\/index.php?rest_route=\/wp\/v2\/types\/page"}],"author":[{"embeddable":true,"href":"http:\/\/www.phemsa.es\/index.php?rest_route=\/wp\/v2\/users\/1"}],"replies":[{"embeddable":true,"href":"http:\/\/www.phemsa.es\/index.php?rest_route=%2Fwp%2Fv2%2Fcomments&post=209"}],"version-history":[{"count":5,"href":"http:\/\/www.phemsa.es\/index.php?rest_route=\/wp\/v2\/pages\/209\/revisions"}],"predecessor-version":[{"id":225,"href":"http:\/\/www.phemsa.es\/index.php?rest_route=\/wp\/v2\/pages\/209\/revisions\/225"}],"wp:attachment":[{"href":"http:\/\/www.phemsa.es\/index.php?rest_route=%2Fwp%2Fv2%2Fmedia&parent=209"}],"curies":[{"name":"wp","href":"https:\/\/api.w.org\/{rel}","templated":true}]}}